{"id":6840,"date":"2024-01-14T23:28:58","date_gmt":"2024-01-14T23:28:58","guid":{"rendered":"https:\/\/www.ponika.pl\/?page_id=6840"},"modified":"2024-01-14T23:43:23","modified_gmt":"2024-01-14T23:43:23","slug":"zastosowanie-w-przemysle","status":"publish","type":"page","link":"https:\/\/www.ponika.pl\/en\/zastosowanie-w-przemysle\/","title":{"rendered":"Zastosowanie w przemy\u015ble"},"content":{"rendered":"<div id=\"fws_69e5ac4445471\"  data-column-margin=\"default\" data-midnight=\"dark\" data-top-percent=\"8%\"  class=\"wpb_row vc_row-fluid vc_row full-width-section\"  style=\"padding-top: calc(100vw * 0.08); padding-bottom: 0px; \"><div class=\"row-bg-wrap\" data-bg-animation=\"none\" data-bg-overlay=\"false\"><div class=\"inner-wrap\"><div class=\"row-bg\"  style=\"\"><\/div><\/div><\/div><div class=\"row_col_wrap_12 col span_12 dark left\">\n\t<div  class=\"vc_col-sm-6 wpb_column column_container vc_column_container col no-extra-padding inherit_tablet inherit_phone\"  data-padding-pos=\"all\" data-has-bg-color=\"false\" data-bg-color=\"\" data-bg-opacity=\"1\" data-animation=\"\" data-delay=\"0\" >\n\t\t<div class=\"vc_column-inner\" >\n\t\t\t<div class=\"wpb_wrapper\">\n\t\t\t\t<div class=\"img-with-aniamtion-wrap\" data-max-width=\"100%\" data-max-width-mobile=\"default\" data-shadow=\"none\" data-animation=\"fade-in\" >\r\n      <div class=\"inner\">\r\n        <div class=\"hover-wrap\"> \r\n          <div class=\"hover-wrap-inner\">\r\n            <img loading=\"lazy\" decoding=\"async\" class=\"img-with-animation skip-lazy\" data-delay=\"0\" height=\"771\" width=\"779\" data-animation=\"fade-in\" src=\"https:\/\/www.ponika.pl\/wp-content\/uploads\/2024\/01\/3d-printing.jpg\" alt=\"druk 3d w przemy\u015ble\" srcset=\"https:\/\/www.ponika.pl\/wp-content\/uploads\/2024\/01\/3d-printing.jpg 779w, https:\/\/www.ponika.pl\/wp-content\/uploads\/2024\/01\/3d-printing-300x297.jpg 300w, https:\/\/www.ponika.pl\/wp-content\/uploads\/2024\/01\/3d-printing-768x760.jpg 768w, https:\/\/www.ponika.pl\/wp-content\/uploads\/2024\/01\/3d-printing-12x12.jpg 12w, https:\/\/www.ponika.pl\/wp-content\/uploads\/2024\/01\/3d-printing-100x100.jpg 100w, https:\/\/www.ponika.pl\/wp-content\/uploads\/2024\/01\/3d-printing-140x140.jpg 140w\" sizes=\"auto, (min-width: 1450px) 75vw, (min-width: 1000px) 85vw, 100vw\" \/>\r\n          <\/div>\r\n        <\/div>\r\n      <\/div>\r\n    <\/div>\n\t\t\t<\/div> \n\t\t<\/div>\n\t<\/div> \n\n\t<div  class=\"vc_col-sm-6 wpb_column column_container vc_column_container col no-extra-padding inherit_tablet inherit_phone\"  data-padding-pos=\"all\" data-has-bg-color=\"false\" data-bg-color=\"\" data-bg-opacity=\"1\" data-animation=\"\" data-delay=\"0\" >\n\t\t<div class=\"vc_column-inner\" >\n\t\t\t<div class=\"wpb_wrapper\">\n\t\t\t\t\r\n<div class=\"wpb_text_column wpb_content_element\" >\r\n\t<div class=\"wpb_wrapper\">\r\n\t\t<p>W dynamicznie rozwijaj\u0105cym si\u0119 \u015bwiecie przemys\u0142owym, gdzie ci\u0105g\u0142a innowacja i efektywno\u015b\u0107 s\u0105 kluczem do przetrwania i sukcesu, druk 3D stanowi technologiczn\u0105 rewolucj\u0119. Nie jest to ju\u017c tylko narz\u0119dzie dla entuzjast\u00f3w czy projektant\u00f3w; to kluczowa technologia, kt\u00f3ra zmienia oblicze produkcji przemys\u0142owej. Druk 3D, znany r\u00f3wnie\u017c jako wytwarzanie przyrostowe, otwiera nowe mo\u017cliwo\u015bci dla dzia\u0142\u00f3w in\u017cynieryjnych, zarz\u0105dzania produkcj\u0105 i serwisu, przynosz\u0105c niepor\u00f3wnywaln\u0105 elastyczno\u015b\u0107 i przyspieszenie w projektowaniu, tworzeniu prototyp\u00f3w, produkcji cz\u0119\u015bci zamiennych i narz\u0119dzi.<\/p>\n<p>Przemys\u0142 stoi obecnie przed wyzwaniami, kt\u00f3re jeszcze kilka lat temu wydawa\u0142yby si\u0119 nie do pokonania. Skr\u00f3cenie czasu wprowadzenia produktu na rynek, personalizacja na masow\u0105 skal\u0119, zr\u00f3wnowa\u017cone i ekologiczne podej\u015bcie do produkcji &#8211; to wszystko staje si\u0119 mo\u017cliwe dzi\u0119ki drukowi 3D. Technologia ta, pocz\u0105tkowo ograniczona do prostych prototyp\u00f3w plastikowych, ewoluowa\u0142a do punktu, w kt\u00f3rym obecnie umo\u017cliwia produkcj\u0119 skomplikowanych komponent\u00f3w metalowych, ceramicznych i wielomateria\u0142owych, spe\u0142niaj\u0105cych wymagania nawet najbardziej wymagaj\u0105cych bran\u017c, takich jak lotnictwo, motoryzacja czy medycyna.<\/p>\n\t<\/div>\r\n<\/div>\r\n\r\n\r\n\r\n\n\t\t\t<\/div> \n\t\t<\/div>\n\t<\/div> \n<\/div><\/div>\r\n\t\t<div id=\"fws_69e5ac4446fa7\"  data-column-margin=\"default\" data-midnight=\"dark\" data-top-percent=\"2%\"  class=\"wpb_row vc_row-fluid vc_row\"  style=\"padding-top: calc(100vw * 0.02); padding-bottom: 0px; \"><div class=\"row-bg-wrap\" data-bg-animation=\"none\" data-bg-overlay=\"false\"><div class=\"inner-wrap\"><div class=\"row-bg\"  style=\"\"><\/div><\/div><\/div><div class=\"row_col_wrap_12 col span_12 dark left\">\n\t<div  class=\"vc_col-sm-12 wpb_column column_container vc_column_container col no-extra-padding inherit_tablet inherit_phone\"  data-padding-pos=\"all\" data-has-bg-color=\"false\" data-bg-color=\"\" data-bg-opacity=\"1\" data-animation=\"\" data-delay=\"0\" >\n\t\t<div class=\"vc_column-inner\" >\n\t\t\t<div class=\"wpb_wrapper\">\n\t\t\t\t\r\n<div class=\"wpb_text_column wpb_content_element\" >\r\n\t<div class=\"wpb_wrapper\">\r\n\t\t<h3 style=\"text-align: center;\">Zastosowanie w przemy\u015ble<\/h3>\n\t<\/div>\r\n<\/div>\r\n\r\n\r\n\r\n<div class=\"divider-wrap\" data-alignment=\"default\"><div style=\"height: 30px;\" class=\"divider\"><\/div><\/div>\r\n<div class=\"wpb_text_column wpb_content_element\" >\r\n\t<div class=\"wpb_wrapper\">\r\n\t\t<p><strong>1. Dedykowane Uchwyty i Tace na Produkty: Precyzja i Personalizacja w Produkcji<\/strong> Dzia\u0142 in\u017cynieryjny stoi przed wyzwaniem projektowania uchwyt\u00f3w i tac, kt\u00f3re musz\u0105 spe\u0142nia\u0107 \u015bcis\u0142e wymagania specyficznych produkt\u00f3w. Druk 3D umo\u017cliwia tworzenie element\u00f3w o skomplikowanych kszta\u0142tach i wymiarach, dostosowanych idealnie do indywidualnych potrzeb produkcji. Jest to szczeg\u00f3lnie wa\u017cne w przypadku ma\u0142oseryjnej lub specjalistycznej produkcji, gdzie tradycyjne metody mog\u0105 by\u0107 nieefektywne kosztowo. Precyzja druku 3D minimalizuje ryzyko b\u0142\u0119d\u00f3w, a szybko\u015b\u0107 realizacji skraca czas wprowadzania produktu na rynek.<\/p>\n<p><strong>2. Elementy Narz\u0119dzi Testowych: Innowacja i Efektywno\u015b\u0107 w Dzia\u0142ach Badawczo-Rozwojowych<\/strong> Dla dzia\u0142\u00f3w R&amp;D (Badania i Rozw\u00f3j), druk 3D otwiera drzwi do tworzenia zaawansowanych narz\u0119dzi testowych, kt\u00f3re s\u0105 kluczowe w procesach weryfikacji i kontroli jako\u015bci. Dzi\u0119ki mo\u017cliwo\u015bciom personalizacji, narz\u0119dzia te mog\u0105 by\u0107 dostosowane do specyficznych wymaga\u0144 test\u00f3w, co jest nieosi\u0105galne przy u\u017cyciu tradycyjnych metod produkcyjnych. Szybko\u015b\u0107 i elastyczno\u015b\u0107 w projektowaniu narz\u0119dzi testowych umo\u017cliwiaj\u0105 skr\u00f3cenie cyklu rozwoju produktu, co ma kluczowe znaczenie w dynamicznie zmieniaj\u0105cym si\u0119 \u015brodowisku przemys\u0142owym.<\/p>\n\t<\/div>\r\n<\/div>\r\n\r\n\r\n\r\n\n\t\t\t<\/div> \n\t\t<\/div>\n\t<\/div> \n<\/div><\/div>\r\n\t\t<div id=\"fws_69e5ac4447f31\"  data-column-margin=\"default\" data-midnight=\"dark\"  class=\"wpb_row vc_row-fluid vc_row\"  style=\"padding-top: 0px; padding-bottom: 0px; \"><div class=\"row-bg-wrap\" data-bg-animation=\"none\" data-bg-overlay=\"false\"><div class=\"inner-wrap\"><div class=\"row-bg\"  style=\"\"><\/div><\/div><\/div><div class=\"row_col_wrap_12 col span_12 dark left\">\n\t<div  class=\"vc_col-sm-6 wpb_column column_container vc_column_container col no-extra-padding inherit_tablet inherit_phone\"  data-padding-pos=\"all\" data-has-bg-color=\"false\" data-bg-color=\"\" data-bg-opacity=\"1\" data-animation=\"\" data-delay=\"0\" >\n\t\t<div class=\"vc_column-inner\" >\n\t\t\t<div class=\"wpb_wrapper\">\n\t\t\t\t\r\n<div class=\"wpb_text_column wpb_content_element\" >\r\n\t<div class=\"wpb_wrapper\">\r\n\t\t<p><strong>3. Cz\u0119\u015bci Zamienne: Rewolucja w Dzia\u0142ach Utrzymania Ruchu i Serwisu<\/strong> Dla dzia\u0142\u00f3w utrzymania ruchu i serwisu, mo\u017cliwo\u015b\u0107 szybkiego wytworzenia cz\u0119\u015bci zamiennych za pomoc\u0105 druku 3D jest nieoceniona. W sytuacjach awaryjnych, gdzie czas oczekiwania na tradycyjne cz\u0119\u015bci zamienne mo\u017ce prowadzi\u0107 do kosztownych przestoj\u00f3w, druk 3D umo\u017cliwia natychmiastow\u0105 reakcj\u0119. Ponadto, technologia ta pozwala na optymalizacj\u0119 magazynowania cz\u0119\u015bci zamiennych, zmniejszaj\u0105c potrzeb\u0119 przechowywania du\u017cej liczby komponent\u00f3w i redukuj\u0105c koszty zwi\u0105zane z ich zapasem.<\/p>\n<p><strong>4. Prototypy: Szybka Iteracja i Testowanie w Dzia\u0142ach Zarz\u0105dzania Produktami<\/strong> Zarz\u0105dzanie produktami cz\u0119sto wymaga szybkiego prototypowania w celu testowania i walidacji pomys\u0142\u00f3w. Druk 3D umo\u017cliwia mened\u017cerom produktu i zespo\u0142om projektowym tworzenie funkcjonalnych prototyp\u00f3w w znacznie kr\u00f3tszym czasie. Szybkie iteracje i mo\u017cliwo\u015b\u0107 przeprowadzania test\u00f3w w warunkach rzeczywistych przyspieszaj\u0105 proces rozwoju produktu, co jest niezb\u0119dne w szybko zmieniaj\u0105cych si\u0119 warunkach rynkowych.<\/p>\n\t<\/div>\r\n<\/div>\r\n\r\n\r\n\r\n\n\t\t\t<\/div> \n\t\t<\/div>\n\t<\/div> \n\n\t<div  class=\"vc_col-sm-6 wpb_column column_container vc_column_container col no-extra-padding inherit_tablet inherit_phone\"  data-padding-pos=\"all\" data-has-bg-color=\"false\" data-bg-color=\"\" data-bg-opacity=\"1\" data-animation=\"\" data-delay=\"0\" >\n\t\t<div class=\"vc_column-inner\" >\n\t\t\t<div class=\"wpb_wrapper\">\n\t\t\t\t<div class=\"img-with-aniamtion-wrap\" data-max-width=\"100%\" data-max-width-mobile=\"default\" data-shadow=\"none\" data-animation=\"fade-in\" >\r\n      <div class=\"inner\">\r\n        <div class=\"hover-wrap\"> \r\n          <div class=\"hover-wrap-inner\">\r\n            <img loading=\"lazy\" decoding=\"async\" class=\"img-with-animation skip-lazy\" data-delay=\"0\" height=\"777\" width=\"921\" data-animation=\"fade-in\" src=\"https:\/\/www.ponika.pl\/wp-content\/uploads\/2024\/01\/3d-print-industry.jpg\" alt=\"Druk 3d zastosowanie w przemy\u015ble\" srcset=\"https:\/\/www.ponika.pl\/wp-content\/uploads\/2024\/01\/3d-print-industry.jpg 921w, https:\/\/www.ponika.pl\/wp-content\/uploads\/2024\/01\/3d-print-industry-300x253.jpg 300w, https:\/\/www.ponika.pl\/wp-content\/uploads\/2024\/01\/3d-print-industry-768x648.jpg 768w, https:\/\/www.ponika.pl\/wp-content\/uploads\/2024\/01\/3d-print-industry-14x12.jpg 14w\" sizes=\"auto, (min-width: 1450px) 75vw, (min-width: 1000px) 85vw, 100vw\" \/>\r\n          <\/div>\r\n        <\/div>\r\n      <\/div>\r\n    <\/div>\n\t\t\t<\/div> \n\t\t<\/div>\n\t<\/div> \n<\/div><\/div>\r\n\t\t<div id=\"fws_69e5ac4448ee7\"  data-column-margin=\"default\" data-midnight=\"dark\"  class=\"wpb_row vc_row-fluid vc_row\"  style=\"padding-top: 0px; padding-bottom: 0px; \"><div class=\"row-bg-wrap\" data-bg-animation=\"none\" data-bg-overlay=\"false\"><div class=\"inner-wrap\"><div class=\"row-bg\"  style=\"\"><\/div><\/div><\/div><div class=\"row_col_wrap_12 col span_12 dark left\">\n\t<div  class=\"vc_col-sm-12 wpb_column column_container vc_column_container col no-extra-padding inherit_tablet inherit_phone\"  data-padding-pos=\"all\" data-has-bg-color=\"false\" data-bg-color=\"\" data-bg-opacity=\"1\" data-animation=\"\" data-delay=\"0\" >\n\t\t<div class=\"vc_column-inner\" >\n\t\t\t<div class=\"wpb_wrapper\">\n\t\t\t\t\r\n<div class=\"wpb_text_column wpb_content_element\" >\r\n\t<div class=\"wpb_wrapper\">\r\n\t\t<p>Druk 3D w przemy\u015ble to wi\u0119cej ni\u017c tylko nowa metoda produkcji; to narz\u0119dzie umo\u017cliwiaj\u0105ce znacz\u0105c\u0105 optymalizacj\u0119 proces\u00f3w w ka\u017cdym dziale. Od projektowania i produkcji, przez testowanie, a\u017c po utrzymanie i serwis &#8211; druk 3D oferuje rozwi\u0105zania, kt\u00f3re s\u0105 szybsze, ta\u0144sze i bardziej elastyczne ni\u017c tradycyjne metody. Jest to technologia, kt\u00f3ra nie tylko u\u0142atwia bie\u017c\u0105c\u0105 prac\u0119, ale tak\u017ce inspiruje do innowacji i poszukiwania nowych rozwi\u0105za\u0144 w przemy\u015ble.<\/p>\n\t<\/div>\r\n<\/div>\r\n\r\n\r\n\r\n\n\t\t\t<\/div> \n\t\t<\/div>\n\t<\/div> \n<\/div><\/div>","protected":false},"excerpt":{"rendered":"W dynamicznie rozwijaj\u0105cym si\u0119 \u015bwiecie przemys\u0142owym, gdzie ci\u0105g\u0142a innowacja i efektywno\u015b\u0107 s\u0105 kluczem do przetrwania i sukcesu, druk 3D stanowi technologiczn\u0105 rewolucj\u0119. Nie jest to ju\u017c tylko narz\u0119dzie dla entuzjast\u00f3w...","protected":false},"author":1,"featured_media":0,"parent":0,"menu_order":0,"comment_status":"closed","ping_status":"closed","template":"","meta":{"footnotes":""},"class_list":["post-6840","page","type-page","status-publish"],"_links":{"self":[{"href":"https:\/\/www.ponika.pl\/en\/wp-json\/wp\/v2\/pages\/6840","targetHints":{"allow":["GET"]}}],"collection":[{"href":"https:\/\/www.ponika.pl\/en\/wp-json\/wp\/v2\/pages"}],"about":[{"href":"https:\/\/www.ponika.pl\/en\/wp-json\/wp\/v2\/types\/page"}],"author":[{"embeddable":true,"href":"https:\/\/www.ponika.pl\/en\/wp-json\/wp\/v2\/users\/1"}],"replies":[{"embeddable":true,"href":"https:\/\/www.ponika.pl\/en\/wp-json\/wp\/v2\/comments?post=6840"}],"version-history":[{"count":4,"href":"https:\/\/www.ponika.pl\/en\/wp-json\/wp\/v2\/pages\/6840\/revisions"}],"predecessor-version":[{"id":6848,"href":"https:\/\/www.ponika.pl\/en\/wp-json\/wp\/v2\/pages\/6840\/revisions\/6848"}],"wp:attachment":[{"href":"https:\/\/www.ponika.pl\/en\/wp-json\/wp\/v2\/media?parent=6840"}],"curies":[{"name":"wp","href":"https:\/\/api.w.org\/{rel}","templated":true}]}}