{"id":6750,"date":"2021-09-07T17:19:16","date_gmt":"2021-09-07T17:19:16","guid":{"rendered":"https:\/\/www.ponika.pl\/?page_id=6750"},"modified":"2024-01-14T23:57:58","modified_gmt":"2024-01-14T23:57:58","slug":"innowacyjna-gospodarka-magazynowa-i-produkcja-na-zadanie-w-przemysle","status":"publish","type":"page","link":"https:\/\/www.ponika.pl\/en\/innowacyjna-gospodarka-magazynowa-i-produkcja-na-zadanie-w-przemysle\/","title":{"rendered":"Innowacyjna Gospodarka Magazynowa i Produkcja na \u017b\u0105danie w Przemy\u015ble"},"content":{"rendered":"<div id=\"fws_69e5ac76ad741\"  data-column-margin=\"default\" data-midnight=\"dark\" data-top-percent=\"7%\" data-bottom-percent=\"5%\"  class=\"wpb_row vc_row-fluid vc_row\"  style=\"padding-top: calc(100vw * 0.07); padding-bottom: calc(100vw * 0.05); \"><div class=\"row-bg-wrap\" data-bg-animation=\"none\" data-bg-overlay=\"false\"><div class=\"inner-wrap\"><div class=\"row-bg\"  style=\"\"><\/div><\/div><\/div><div class=\"row_col_wrap_12 col span_12 dark left\">\n\t<div  class=\"vc_col-sm-12 wpb_column column_container vc_column_container col no-extra-padding inherit_tablet inherit_phone\"  data-padding-pos=\"all\" data-has-bg-color=\"false\" data-bg-color=\"\" data-bg-opacity=\"1\" data-animation=\"\" data-delay=\"0\" >\n\t\t<div class=\"vc_column-inner\" >\n\t\t\t<div class=\"wpb_wrapper\">\n\t\t\t\t\r\n<div class=\"wpb_text_column wpb_content_element\" >\r\n\t<div class=\"wpb_wrapper\">\r\n\t\t<p>\u201cProdukcja na \u017c\u0105danie\u201d czy \u201cwirtualny magazyn\u201d nie s\u0105 ju\u017c terminami z literatury science fiction, lecz realnymi sposobami na prowadzenie innowacyjnego i dochodowego biznesu. Oferowane przez nas metody wydruku przestrzennego rewolucjonizuj\u0105 podej\u015bcie do gospodarki magazynowej. Zamiast kumulowa\u0107 du\u017ce ilo\u015bci zapas\u00f3w, umo\u017cliwiamy b\u0142yskawiczny wydruk seryjny zgodny z nap\u0142ywaj\u0105cymi zam\u00f3wieniami Twoich klient\u00f3w. Nasze rozwi\u0105zania pozwalaj\u0105 zredukowa\u0107 koszty magazynowe, a oferta Twojego przedsi\u0119biorstwa staje si\u0119 bogatsza i lepiej dostosowana do potrzeb kontrahent\u00f3w.<\/p>\n<p><strong>1. Druk Przestrzenny w Przedsi\u0119biorstwach Polskich: Zmiana Paradygmatu Produkcji<\/strong><\/p>\n<p>W Polsce mo\u017cna spotka\u0107 si\u0119 ju\u017c z wieloma przedsi\u0119biorstwami, kt\u00f3re zlecaj\u0105 druk przestrzenny do wytwarzania produkt\u00f3w ko\u0144cowych. Zaprojektowanie odpowiedniego modelu i seryjny wydruk w rachunku ekonomicznym wypada znacznie lepiej, ni\u017c wprowadzanie zmian w konwencjonalnym procesie produkcji. Dzi\u0119ki drukowi przestrzennemu, przedsi\u0119biorstwa mog\u0105 lepiej dostosowa\u0107 si\u0119 do oczekiwa\u0144 klient\u00f3w, kt\u00f3rzy zazwyczaj nie lubi\u0105 d\u0142ugich termin\u00f3w oczekiwania.<\/p>\n<p><strong>2. Szybkie Prototypowanie: Przyspieszenie Rozwoju Produkt\u00f3w<\/strong><\/p>\n<p>Bardzo popularnym zastosowaniem drukarek 3D jest szybkie prototypowanie r\u00f3\u017cnych produkt\u00f3w. Technologia druku FDM (Fused Deposition Modeling) znacznie przyspiesza proces wprowadzenia nowego produktu na rynek, ograniczaj\u0105c koszty przedsi\u0119wzi\u0119cia i skracaj\u0105c czas potrzebny do dopracowania koncepcji. Umo\u017cliwia to firmom b\u0142yskawiczne reagowanie na potrzeby rynku i wzbogacanie oferty zgodnie z wymaganiami klient\u00f3w, przy jednoczesnym uniezale\u017cnieniu od masowej produkcji detalu.<\/p>\n<p><strong>3. Wykorzystanie Technologii Druku 3D w Produkcji Przemys\u0142owej<\/strong><\/p>\n<p>Coraz cz\u0119\u015bciej stosuje si\u0119 technologi\u0119 druku 3D do wytworzenia element\u00f3w maszyn, cz\u0119\u015bci zamiennych, narz\u0119dzi, form odlewniczych i modeli koncepcyjnych. Druk metod\u0105 FDM jest ceniony za mo\u017cliwo\u015b\u0107 materializacji nawet najbardziej skomplikowanych kszta\u0142t\u00f3w, kt\u00f3re by\u0142yby trudne lub niemo\u017cliwe do wykonania tradycyjnymi metodami. Ta technologia pozwala na szybkie wprowadzenie modyfikacji w projekcie i przeprowadzenie test\u00f3w funkcjonalnych, gdy jest to niezb\u0119dne.<\/p>\n<p><strong>4. Produkcja Cz\u0119\u015bci Zamiennych: Optymalizacja Serwisu i Redukcja Koszt\u00f3w<\/strong><\/p>\n<p>Druk przestrzenny jest idealnym rozwi\u0105zaniem do produkcji cz\u0119\u015bci zamiennych do maszyn, od k\u00f3\u0142 z\u0119batych po obudowy i specjalistyczne narz\u0119dzia. Te elementy, dost\u0119pne dzi\u0119ki wsp\u00f3\u0142pracy z nami, staj\u0105 si\u0119 nie tylko \u0142atwo dost\u0119pne, ale r\u00f3wnie\u017c znacznie ta\u0144sze. Coraz odwa\u017cniej t\u0119 technologi\u0119 wykorzystuj\u0105 serwisy sprz\u0119tu AGD i RTV. Stworzenie wymiennego elementu na drukarce przestrzennej oznacza, \u017ce nie trzeba czeka\u0107 na dostaw\u0119 cz\u0119\u015bci przez zewn\u0119trznego dystrybutora, co pozwala serwisom naprawczym zaoszcz\u0119dzi\u0107 czas swoich klient\u00f3w i zyska\u0107 niezale\u017cno\u015b\u0107 od cen rynkowych.<\/p>\n<p><strong>5. Zastosowania Druku Przestrzennego w R\u00f3\u017cnych Bran\u017cach<\/strong><\/p>\n<p>Kto jeszcze mo\u017ce skorzysta\u0107 na technologii wydruku przestrzennego? W bran\u017cy motoryzacyjnej szybko pozyskuje si\u0119 cz\u0119\u015bci zamienne nadwozia i wyposa\u017cenia wewn\u0119trznego. W rolnictwie, szczeg\u00f3lnie nara\u017conym na straty z powodu awarii, technologia ta umo\u017cliwia szybk\u0105 wymian\u0119 kluczowych komponent\u00f3w. Studia in\u017cynierskie korzystaj\u0105 z metody do tworzenia efektownych makiet, a szko\u0142y oraz uczelnie wy\u017csze zamawiaj\u0105 dedykowane materia\u0142y edukacyjne i pokazowe. Prywatne firmy r\u00f3wnie\u017c wykorzystuj\u0105 druk przestrzenny do tworzenia niestandardowych rozwi\u0105za\u0144 i narz\u0119dzi, kt\u00f3re wspieraj\u0105 ich dzia\u0142alno\u015b\u0107.<\/p>\n<\/div>\n<\/div>\n\t<\/div>\r\n<\/div>\r\n\r\n\r\n\r\n\n\t\t\t<\/div> \n\t\t<\/div>\n\t<\/div> \n<\/div><\/div>","protected":false},"excerpt":{"rendered":"\u201cProdukcja na \u017c\u0105danie\u201d czy \u201cwirtualny magazyn\u201d nie s\u0105 ju\u017c terminami z literatury science fiction, lecz realnymi sposobami na prowadzenie innowacyjnego i dochodowego biznesu. Oferowane przez nas metody wydruku przestrzennego rewolucjonizuj\u0105...","protected":false},"author":1,"featured_media":0,"parent":0,"menu_order":0,"comment_status":"closed","ping_status":"closed","template":"","meta":{"footnotes":""},"class_list":["post-6750","page","type-page","status-publish"],"_links":{"self":[{"href":"https:\/\/www.ponika.pl\/en\/wp-json\/wp\/v2\/pages\/6750","targetHints":{"allow":["GET"]}}],"collection":[{"href":"https:\/\/www.ponika.pl\/en\/wp-json\/wp\/v2\/pages"}],"about":[{"href":"https:\/\/www.ponika.pl\/en\/wp-json\/wp\/v2\/types\/page"}],"author":[{"embeddable":true,"href":"https:\/\/www.ponika.pl\/en\/wp-json\/wp\/v2\/users\/1"}],"replies":[{"embeddable":true,"href":"https:\/\/www.ponika.pl\/en\/wp-json\/wp\/v2\/comments?post=6750"}],"version-history":[{"count":6,"href":"https:\/\/www.ponika.pl\/en\/wp-json\/wp\/v2\/pages\/6750\/revisions"}],"predecessor-version":[{"id":6853,"href":"https:\/\/www.ponika.pl\/en\/wp-json\/wp\/v2\/pages\/6750\/revisions\/6853"}],"wp:attachment":[{"href":"https:\/\/www.ponika.pl\/en\/wp-json\/wp\/v2\/media?parent=6750"}],"curies":[{"name":"wp","href":"https:\/\/api.w.org\/{rel}","templated":true}]}}