{"id":6732,"date":"2021-09-07T13:54:16","date_gmt":"2021-09-07T13:54:16","guid":{"rendered":"https:\/\/www.ponika.pl\/?page_id=6732"},"modified":"2021-09-28T10:55:18","modified_gmt":"2021-09-28T10:55:18","slug":"opis-technologii","status":"publish","type":"page","link":"https:\/\/www.ponika.pl\/en\/opis-technologii\/","title":{"rendered":"Opis Technologii"},"content":{"rendered":"<div id=\"fws_69e5b7ed84e34\"  data-column-margin=\"default\" data-midnight=\"dark\" data-top-percent=\"8%\"  class=\"wpb_row vc_row-fluid vc_row full-width-section\"  style=\"padding-top: calc(100vw * 0.08); padding-bottom: 0px; \"><div class=\"row-bg-wrap\" data-bg-animation=\"none\" data-bg-overlay=\"false\"><div class=\"inner-wrap\"><div class=\"row-bg\"  style=\"\"><\/div><\/div><\/div><div class=\"row_col_wrap_12 col span_12 dark left\">\n\t<div  class=\"vc_col-sm-6 wpb_column column_container vc_column_container col no-extra-padding inherit_tablet inherit_phone\"  data-padding-pos=\"all\" data-has-bg-color=\"false\" data-bg-color=\"\" data-bg-opacity=\"1\" data-animation=\"\" data-delay=\"0\" >\n\t\t<div class=\"vc_column-inner\" >\n\t\t\t<div class=\"wpb_wrapper\">\n\t\t\t\t<div class=\"img-with-aniamtion-wrap\" data-max-width=\"100%\" data-max-width-mobile=\"default\" data-shadow=\"none\" data-animation=\"fade-in\" >\r\n      <div class=\"inner\">\r\n        <div class=\"hover-wrap\"> \r\n          <div class=\"hover-wrap-inner\">\r\n            <img loading=\"lazy\" decoding=\"async\" class=\"img-with-animation skip-lazy\" data-delay=\"0\" height=\"408\" width=\"612\" data-animation=\"fade-in\" src=\"https:\/\/www.ponika.pl\/wp-content\/uploads\/2021\/09\/technologia.jpg\" alt=\"\" srcset=\"https:\/\/www.ponika.pl\/wp-content\/uploads\/2021\/09\/technologia.jpg 612w, https:\/\/www.ponika.pl\/wp-content\/uploads\/2021\/09\/technologia-300x200.jpg 300w, https:\/\/www.ponika.pl\/wp-content\/uploads\/2021\/09\/technologia-18x12.jpg 18w\" sizes=\"auto, (min-width: 1450px) 75vw, (min-width: 1000px) 85vw, 100vw\" \/>\r\n          <\/div>\r\n        <\/div>\r\n      <\/div>\r\n    <\/div>\n\t\t\t<\/div> \n\t\t<\/div>\n\t<\/div> \n\n\t<div  class=\"vc_col-sm-6 wpb_column column_container vc_column_container col no-extra-padding inherit_tablet inherit_phone\"  data-padding-pos=\"all\" data-has-bg-color=\"false\" data-bg-color=\"\" data-bg-opacity=\"1\" data-animation=\"\" data-delay=\"0\" >\n\t\t<div class=\"vc_column-inner\" >\n\t\t\t<div class=\"wpb_wrapper\">\n\t\t\t\t\r\n<div class=\"wpb_text_column wpb_content_element\" >\r\n\t<div class=\"wpb_wrapper\">\r\n\t\t<p>FDM jest od wielu lat najpopularniejsz\u0105 metod\u0105 druku przestrzennego. Ten rodzaj technologii cechuje si\u0119 znakomit\u0105 korelacj\u0105 ceny do jako\u015bci produktu ko\u0144cowego. Stanowi realn\u0105 alternatyw\u0119 dla tradycyjnych \u015brodk\u00f3w produkcji z tworzyw sztucznych. Du\u017ca paleta materia\u0142\u00f3w pozwala na uzyskanie wyj\u0105tkowych rezultat\u00f3w, o po\u017c\u0105danych w\u0142a\u015bciwo\u015bciach chemicznych i fizycznych. Nasze zaplecze technologiczne sk\u0142ada si\u0119 ze sprz\u0119tu do u\u017cytku profesjonalnego i przemys\u0142owego. Maszyny charakteryzuj\u0105 si\u0119 du\u017c\u0105 precyzj\u0105 wyko\u0144czenia oraz mo\u017cliwo\u015bci\u0105 wielodniowego, nieprzerwanego wydruku.<\/p>\n\t<\/div>\r\n<\/div>\r\n\r\n\r\n\r\n\n\t\t\t<\/div> \n\t\t<\/div>\n\t<\/div> \n<\/div><\/div>\r\n\t\t<div id=\"fws_69e5b7ed86e8b\"  data-column-margin=\"default\" data-midnight=\"dark\" data-top-percent=\"2%\"  class=\"wpb_row vc_row-fluid vc_row\"  style=\"padding-top: calc(100vw * 0.02); padding-bottom: 0px; \"><div class=\"row-bg-wrap\" data-bg-animation=\"none\" data-bg-overlay=\"false\"><div class=\"inner-wrap\"><div class=\"row-bg\"  style=\"\"><\/div><\/div><\/div><div class=\"row_col_wrap_12 col span_12 dark left\">\n\t<div  class=\"vc_col-sm-12 wpb_column column_container vc_column_container col no-extra-padding inherit_tablet inherit_phone\"  data-padding-pos=\"all\" data-has-bg-color=\"false\" data-bg-color=\"\" data-bg-opacity=\"1\" data-animation=\"\" data-delay=\"0\" >\n\t\t<div class=\"vc_column-inner\" >\n\t\t\t<div class=\"wpb_wrapper\">\n\t\t\t\t\r\n<div class=\"wpb_text_column wpb_content_element\" >\r\n\t<div class=\"wpb_wrapper\">\r\n\t\t<p>Metoda druku addytywnego polega na nadbudowywaniu kolejnych warstw z termoplastu, kt\u00f3re w rezultacie tworz\u0105 oczekiwany kszta\u0142t. Na konstrukcj\u0119 drukarki sk\u0142ada si\u0119 kilka podstawowych element\u00f3w, kt\u00f3rych \u0142\u0105cznikiem jest stalowa rama. Najwa\u017cniejsza w tej uk\u0142adance jest g\u0142owica drukuj\u0105ca. Pod wp\u0142ywem temperatury bloku grzewczego przekszta\u0142ca materia\u0142 ze szpuli, zwany filamentem, w p\u00f3\u0142p\u0142ynn\u0105 mas\u0119. Komponent mo\u017ce tworzy\u0107 najbardziej wyimaginowane kszta\u0142ty dzi\u0119ki ruchomemu ramieniu oraz ekstruderowi, kt\u00f3ry dostarcza surowiec do g\u0142owicy. Budowa samego ekstrudera jest nieskomplikowana. Silniczek wprawia w ruch mechanizm, sk\u0142adaj\u0105cy si\u0119 z ko\u0142a z\u0119batego i \u0142o\u017cyska, przesuwaj\u0105c ni\u0107 filamentu w kierunku g\u0142owicy. Z tego budulca, warstwa po warstwie, wy\u0142ania si\u0119 po\u017c\u0105dany przedmiot.<\/p>\n<p>Wizja z ekranu komputera urzeczywistnia si\u0119 na blacie roboczym o odpowiednich w\u0142a\u015bciwo\u015bciach adhezyjnych. Zapewnia on przyczepno\u015b\u0107, ale te\u017c mo\u017cliwo\u015b\u0107 \u0142atwego rozdzielenia produktu od podstawy po zako\u0144czeniu wydruku. Czasami ruchoma platforma zast\u0119puje kinematyk\u0119 ramienia lub wspomaga jego prac\u0119. Naszym atutem jest wieloletnie do\u015bwiadczenie i wiedza ekspert\u00f3w, dzi\u0119ki kt\u00f3rym Klienci mog\u0105 by\u0107 pewni, \u017ce oddaj\u0105 projekt w dobre r\u0119ce.<\/p>\n\t<\/div>\r\n<\/div>\r\n\r\n\r\n\r\n\n\t\t\t<\/div> \n\t\t<\/div>\n\t<\/div> \n<\/div><\/div>\r\n\t\t<div id=\"fws_69e5b7ed87692\"  data-column-margin=\"default\" data-midnight=\"dark\"  class=\"wpb_row vc_row-fluid vc_row\"  style=\"padding-top: 0px; padding-bottom: 0px; \"><div class=\"row-bg-wrap\" data-bg-animation=\"none\" data-bg-overlay=\"false\"><div class=\"inner-wrap\"><div class=\"row-bg\"  style=\"\"><\/div><\/div><\/div><div class=\"row_col_wrap_12 col span_12 dark left\">\n\t<div  class=\"vc_col-sm-12 wpb_column column_container vc_column_container col no-extra-padding inherit_tablet inherit_phone\"  data-padding-pos=\"all\" data-has-bg-color=\"false\" data-bg-color=\"\" data-bg-opacity=\"1\" data-animation=\"\" data-delay=\"0\" >\n\t\t<div class=\"vc_column-inner\" >\n\t\t\t<div class=\"wpb_wrapper\">\n\t\t\t\t\r\n<div class=\"wpb_text_column wpb_content_element\" >\r\n\t<div class=\"wpb_wrapper\">\r\n\t\t<h3 style=\"text-align: center;\">Materia\u0142y stosowane w druku 3D<\/h3>\n\t<\/div>\r\n<\/div>\r\n\r\n\r\n\r\n<div class=\"divider-wrap\" data-alignment=\"default\"><div style=\"height: 30px;\" class=\"divider\"><\/div><\/div>\r\n<div class=\"wpb_text_column wpb_content_element\" >\r\n\t<div class=\"wpb_wrapper\">\r\n\t\t<p>Cho\u0107 ci\u0119\u017cko w to uwierzy\u0107, pocz\u0105tki technologii druku przestrzennego si\u0119gaj\u0105 lat osiemdziesi\u0105tych. Przez blisko cztery dekady doskonalono metody wydruku z materia\u0142\u00f3w o r\u00f3\u017cnych w\u0142a\u015bciwo\u015bciach. Jedn\u0105 z zalet drukowania w technologii FDM jest w\u0142a\u015bnie dost\u0119p do szerokiego spektrum tworzyw, z kt\u00f3rych mo\u017cna urzeczywistni\u0107 wizj\u0119 zgodn\u0105 z naszymi oczekiwaniami.<\/p>\n<p>Dobry projekt to po\u0142owa sukcesu, ale r\u00f3wnie wa\u017cny jest wyb\u00f3r optymalnego materia\u0142u i koloru. Niezale\u017cnie od tego, czy potrzebujesz odpornych na temperatur\u0119 i uszkodzenia cz\u0119\u015bci zamiennych do maszyny, czy elastycznych opakowa\u0144 na produkty spo\u017cywcze, wybierzemy surowiec, kt\u00f3ry najlepiej sprosta zadaniu. U\u017cywane przez nas termoplasty nale\u017c\u0105 do najlepszych na rynku. Poni\u017cej prezentujemy w\u0142a\u015bciwo\u015bci i zastosowania stosowanych przez nas materia\u0142\u00f3w:<\/p>\n\t<\/div>\r\n<\/div>\r\n\r\n\r\n\r\n\n\t\t\t<\/div> \n\t\t<\/div>\n\t<\/div> \n<\/div><\/div>\r\n\t\t<div id=\"fws_69e5b7ed8862d\"  data-column-margin=\"50px\" data-midnight=\"dark\"  class=\"wpb_row vc_row-fluid vc_row  vc_row-o-equal-height vc_row-flex\"  style=\"padding-top: 0px; padding-bottom: 0px; \"><div class=\"row-bg-wrap\" data-bg-animation=\"none\" data-bg-overlay=\"false\"><div class=\"inner-wrap\"><div class=\"row-bg\"  style=\"\"><\/div><\/div><\/div><div class=\"row_col_wrap_12 col span_12 dark left\">\n\t<div  class=\"vc_col-sm-6 wpb_column column_container vc_column_container col padding-2-percent inherit_tablet inherit_phone\"  data-shadow=\"small_depth\" data-padding-pos=\"all\" data-has-bg-color=\"false\" data-bg-color=\"\" data-bg-opacity=\"1\" data-animation=\"\" data-delay=\"0\" >\n\t\t<div class=\"vc_column-inner\" ><div class=\"column-bg-overlay-wrap\" data-bg-animation=\"none\"><div class=\"column-bg-overlay\"><\/div><\/div>\n\t\t\t<div class=\"wpb_wrapper\">\n\t\t\t\t\r\n<div class=\"wpb_text_column wpb_content_element\" >\r\n\t<div class=\"wpb_wrapper\">\r\n\t\t<p><strong>ABS<\/strong> to jeden z najpopularniejszych termoplast\u00f3w stosowanych w r\u00f3\u017cnych ga\u0142\u0119ziach przemys\u0142u. Ceniony od lat ze wzgl\u0119du na wysok\u0105 trwa\u0142o\u015b\u0107 oraz niewielkie koszty materia\u0142u. Surowiec u\u017cywany przede wszystkim w produkcji cz\u0119\u015bci nara\u017conych na ekstremalnie niskie lub wysokie temperatury oraz drgania mechaniczne. Ze wzgl\u0119du na wysok\u0105 wytrzyma\u0142o\u015b\u0107 i twardo\u015b\u0107, dobrze sprawdza si\u0119 w roli os\u0142on, obud\u00f3w i przycisk\u00f3w. Materia\u0142 odporny na uderzenia, p\u0119kni\u0119cia i zarysowania.<\/p>\n\t<\/div>\r\n<\/div>\r\n\r\n\r\n\r\n\n\t\t\t<\/div> \n\t\t<\/div>\n\t<\/div> \n\n\t<div  class=\"vc_col-sm-6 wpb_column column_container vc_column_container col padding-2-percent inherit_tablet inherit_phone\"  data-shadow=\"small_depth\" data-padding-pos=\"all\" data-has-bg-color=\"false\" data-bg-color=\"\" data-bg-opacity=\"1\" data-animation=\"\" data-delay=\"0\" >\n\t\t<div class=\"vc_column-inner\" ><div class=\"column-bg-overlay-wrap\" data-bg-animation=\"none\"><div class=\"column-bg-overlay\"><\/div><\/div>\n\t\t\t<div class=\"wpb_wrapper\">\n\t\t\t\t\r\n<div class=\"wpb_text_column wpb_content_element\" >\r\n\t<div class=\"wpb_wrapper\">\r\n\t\t<p><strong>HIPS <\/strong>to materia\u0142 o w\u0142a\u015bciwo\u015bciach biodegradowalnych, kt\u00f3rego u\u017cywa si\u0119 w produkcji opakowa\u0144 na \u017cywno\u015b\u0107. Odznacza si\u0119 trwa\u0142o\u015bci\u0105, lekko\u015bci\u0105 oraz wyj\u0105tkow\u0105 odporno\u015bci\u0105 na p\u0119kanie przy obci\u0105\u017ceniach dynamicznych. Doceniony dzi\u0119ki \u0142atwej obr\u00f3bce postprodukcyjnej oraz charakterystycznej, matowej powierzchni. Popularny przy tworzeniu os\u0142on nara\u017conych na niskie i wysokie temperatury, obud\u00f3w uk\u0142ad\u00f3w elektronicznych oraz pojemnik\u00f3w i opakowa\u0144 do zastosowa\u0144 magazynowych.<\/p>\n\t<\/div>\r\n<\/div>\r\n\r\n\r\n\r\n\n\t\t\t<\/div> \n\t\t<\/div>\n\t<\/div> \n<\/div><\/div>\r\n\t\t<div id=\"fws_69e5b7ed892c3\"  data-column-margin=\"50px\" data-midnight=\"dark\" data-top-percent=\"3%\"  class=\"wpb_row vc_row-fluid vc_row  vc_row-o-equal-height vc_row-flex\"  style=\"padding-top: calc(100vw * 0.03); padding-bottom: 0px; \"><div class=\"row-bg-wrap\" data-bg-animation=\"none\" data-bg-overlay=\"false\"><div class=\"inner-wrap\"><div class=\"row-bg\"  style=\"\"><\/div><\/div><\/div><div class=\"row_col_wrap_12 col span_12 dark left\">\n\t<div  class=\"vc_col-sm-6 wpb_column column_container vc_column_container col padding-2-percent inherit_tablet inherit_phone\"  data-shadow=\"small_depth\" data-padding-pos=\"all\" data-has-bg-color=\"false\" data-bg-color=\"\" data-bg-opacity=\"1\" data-animation=\"\" data-delay=\"0\" >\n\t\t<div class=\"vc_column-inner\" ><div class=\"column-bg-overlay-wrap\" data-bg-animation=\"none\"><div class=\"column-bg-overlay\"><\/div><\/div>\n\t\t\t<div class=\"wpb_wrapper\">\n\t\t\t\t\r\n<div class=\"wpb_text_column wpb_content_element\" >\r\n\t<div class=\"wpb_wrapper\">\r\n\t\t<p><strong>NYLON<\/strong> jest materia\u0142em o wyj\u0105tkowych w\u0142a\u015bciwo\u015bciach. Tworzywo wykazuje si\u0119 niezwyk\u0142\u0105 wytrzyma\u0142o\u015bci\u0105 mechaniczn\u0105. Nadaje si\u0119 do produkcji narz\u0119dzi, przek\u0142adni, cz\u0119\u015bci mechanicznych, ale te\u017c dzi\u0119ki swojej elastyczno\u015bci bardzo cz\u0119sto wytwarza si\u0119 z niego liny, \u017cy\u0142ki i \u0142o\u017cyska. Odznacza si\u0119 doskona\u0142ym wyko\u0144czeniem detali. Odporny na tarcie, ekstremalne temperatury i wi\u0119kszo\u015b\u0107 \u015brodk\u00f3w chemicznych. \u0141atwo poddaje si\u0119 obr\u00f3bce postprodukcyjnej i zachowuje dobr\u0105 udarno\u015b\u0107.<\/p>\n\t<\/div>\r\n<\/div>\r\n\r\n\r\n\r\n\n\t\t\t<\/div> \n\t\t<\/div>\n\t<\/div> \n\n\t<div  class=\"vc_col-sm-6 wpb_column column_container vc_column_container col padding-2-percent inherit_tablet inherit_phone\"  data-shadow=\"small_depth\" data-padding-pos=\"all\" data-has-bg-color=\"false\" data-bg-color=\"\" data-bg-opacity=\"1\" data-animation=\"\" data-delay=\"0\" >\n\t\t<div class=\"vc_column-inner\" ><div class=\"column-bg-overlay-wrap\" data-bg-animation=\"none\"><div class=\"column-bg-overlay\"><\/div><\/div>\n\t\t\t<div class=\"wpb_wrapper\">\n\t\t\t\t\r\n<div class=\"wpb_text_column wpb_content_element\" >\r\n\t<div class=\"wpb_wrapper\">\r\n\t\t<p><strong>PET-G<\/strong> jest po\u0142\u0105czeniem tworzywa PET z glikolem. Wielk\u0105 zalet\u0105 tego termoplastu jest mo\u017cliwo\u015b\u0107 uzyskania modelu o r\u00f3\u017cnym stopniu prze\u017aroczysto\u015bci. Jest bardzo elastyczny, trwa\u0142y oraz odporny na uszkodzenia i kruszenie. Obudowy, narz\u0119dzia i inne cz\u0119\u015bci u\u017cytkowe wykonane z tego tworzywa mog\u0105 by\u0107 poddawane sterylizacji. Niepodatny na wysokie temperatury i hydrofobowy. \u0141atwo poddaje si\u0119 recyklingowi.<\/p>\n\t<\/div>\r\n<\/div>\r\n\r\n\r\n\r\n\n\t\t\t<\/div> \n\t\t<\/div>\n\t<\/div> \n<\/div><\/div>\r\n\t\t<div id=\"fws_69e5b7ed89f31\"  data-column-margin=\"50px\" data-midnight=\"dark\" data-top-percent=\"3%\" data-bottom-percent=\"5%\"  class=\"wpb_row vc_row-fluid vc_row\"  style=\"padding-top: calc(100vw * 0.03); padding-bottom: calc(100vw * 0.05); \"><div class=\"row-bg-wrap\" data-bg-animation=\"none\" data-bg-overlay=\"false\"><div class=\"inner-wrap\"><div class=\"row-bg\"  style=\"\"><\/div><\/div><\/div><div class=\"row_col_wrap_12 col span_12 dark left\">\n\t<div  class=\"vc_col-sm-6 wpb_column column_container vc_column_container col padding-2-percent inherit_tablet inherit_phone\"  data-shadow=\"small_depth\" data-padding-pos=\"all\" data-has-bg-color=\"false\" data-bg-color=\"\" data-bg-opacity=\"1\" data-animation=\"\" data-delay=\"0\" >\n\t\t<div class=\"vc_column-inner\" ><div class=\"column-bg-overlay-wrap\" data-bg-animation=\"none\"><div class=\"column-bg-overlay\"><\/div><\/div>\n\t\t\t<div class=\"wpb_wrapper\">\n\t\t\t\t\r\n<div class=\"wpb_text_column wpb_content_element\" >\r\n\t<div class=\"wpb_wrapper\">\r\n\t\t<p><strong>PLA<\/strong> jest okre\u015blany mianem \u201czielonego plastiku\u201d, poniewa\u017c ulega biodegradacji. Tworzywo otrzymuje si\u0119 z surowc\u00f3w odnawialnych, takich jak m\u0105czka kukurydziana lub trzcina cukrowa. Materia\u0142 zdoby\u0142 wyj\u0105tkow\u0105 popularno\u015b\u0107, bo mimo niskiej ceny, jest wytrzyma\u0142y i bardzo dobrze wygl\u0105da. Dzi\u0119ki zachowaniu g\u0142adkich powierzchni, PLA wykorzystuje si\u0119 mi\u0119dzy innymi do wydruku prototyp\u00f3w, makiet, czy naczy\u0144. Termoplast wyst\u0119puje w kilkudziesi\u0119ciu r\u00f3\u017cnych kolorach.binacji.<\/p>\n\t<\/div>\r\n<\/div>\r\n\r\n\r\n\r\n\n\t\t\t<\/div> \n\t\t<\/div>\n\t<\/div> \n\n\t<div  class=\"vc_col-sm-6 wpb_column column_container vc_column_container col no-extra-padding inherit_tablet inherit_phone\"  data-padding-pos=\"all\" data-has-bg-color=\"false\" data-bg-color=\"\" data-bg-opacity=\"1\" data-animation=\"\" data-delay=\"0\" >\n\t\t<div class=\"vc_column-inner\" >\n\t\t\t<div class=\"wpb_wrapper\">\n\t\t\t\t\n\t\t\t<\/div> \n\t\t<\/div>\n\t<\/div> \n<\/div><\/div>","protected":false},"excerpt":{"rendered":"FDM jest od wielu lat najpopularniejsz\u0105 metod\u0105 druku przestrzennego. Ten rodzaj technologii cechuje si\u0119 znakomit\u0105 korelacj\u0105 ceny do jako\u015bci produktu ko\u0144cowego. Stanowi realn\u0105 alternatyw\u0119 dla tradycyjnych \u015brodk\u00f3w produkcji z tworzyw...","protected":false},"author":1,"featured_media":0,"parent":0,"menu_order":0,"comment_status":"closed","ping_status":"closed","template":"","meta":{"footnotes":""},"class_list":["post-6732","page","type-page","status-publish"],"_links":{"self":[{"href":"https:\/\/www.ponika.pl\/en\/wp-json\/wp\/v2\/pages\/6732","targetHints":{"allow":["GET"]}}],"collection":[{"href":"https:\/\/www.ponika.pl\/en\/wp-json\/wp\/v2\/pages"}],"about":[{"href":"https:\/\/www.ponika.pl\/en\/wp-json\/wp\/v2\/types\/page"}],"author":[{"embeddable":true,"href":"https:\/\/www.ponika.pl\/en\/wp-json\/wp\/v2\/users\/1"}],"replies":[{"embeddable":true,"href":"https:\/\/www.ponika.pl\/en\/wp-json\/wp\/v2\/comments?post=6732"}],"version-history":[{"count":28,"href":"https:\/\/www.ponika.pl\/en\/wp-json\/wp\/v2\/pages\/6732\/revisions"}],"predecessor-version":[{"id":6819,"href":"https:\/\/www.ponika.pl\/en\/wp-json\/wp\/v2\/pages\/6732\/revisions\/6819"}],"wp:attachment":[{"href":"https:\/\/www.ponika.pl\/en\/wp-json\/wp\/v2\/media?parent=6732"}],"curies":[{"name":"wp","href":"https:\/\/api.w.org\/{rel}","templated":true}]}}